{"id":10856,"date":"2026-01-26T12:45:18","date_gmt":"2026-01-26T12:45:18","guid":{"rendered":"https:\/\/skellefteaairport.se\/?page_id=10856"},"modified":"2026-01-26T16:39:09","modified_gmt":"2026-01-26T16:39:09","slug":"accessibility-report","status":"publish","type":"page","link":"https:\/\/skellefteaairport.se\/en\/accessibility-report\/","title":{"rendered":"Accessibility statement"},"content":{"rendered":"<h2>Accessibility statement for skellefteaairport.se<\/h2>\n<p>Skellefte\u00e5 Airport is behind the website. <a href=\"https:\/\/skellefteaairport.se\/en\/\">https:\/\/skellefteaairport.se\/<\/a><\/p>\n<p>We want as many people as possible to be able to use the website. This statement describes how the website complies with the Act on Accessibility of Digital Public Services, known shortcomings and how you can report problems.<\/p>\n<h3>How accessible is the website?<\/h3>\n<p>The website is partially compliant with the Act on Accessibility to Digital Public Services. We are continuously working to improve accessibility.<\/p>\n<h3>Content not available (tentative)<\/h3>\n<p>We are aware that there may be shortcomings in certain page types and components, for example:<\/p>\n<ul>\n<li>Contrast: text and\/or icons may in some cases have insufficient contrast against the background.<\/li>\n<li>Semantics\/ARIA: individual components may have shortcomings in heading hierarchy or accessibility attributes that affect accessibility.<\/li>\n<li>Dynamic content: elements that switch content (e.g. tabs\/lists) need to be verified for proper keyboard focus and screen reader support.<\/li>\n<\/ul>\n<p>We will update the list once we have conducted a more comprehensive review of the website&#039;s page types and features.<\/p>\n<h3>What can you do if you cannot use parts of the website?<\/h3>\n<p>If you need content from the website in a different format, or if you are unable to access the information, please contact us and we will try to help.<\/p>\n<p><strong>E-mail<\/strong>: <a href=\"mailto:info@sft.se\">info@sft.se<\/a><br \/>\n<strong>Phone<\/strong>: 0910-576 00<br \/>\n<strong>Response time<\/strong>: within 2 business days<\/p>\n<h3>Report website accessibility issues<\/h3>\n<p>We appreciate it if you let us know if you discover any shortcomings that are not described on this page.<\/p>\n<h3>Supervision<\/h3>\n<p>The Swedish Digital Governance Agency (Digg) is responsible for overseeing the Digital Public Service Accessibility Act. You can report to Digg if you think our digital service has accessibility deficiencies.<\/p>\n<h3>How we tested the website<\/h3>\n<p>We have conducted a self-assessment of the website. The testing has included automated checking with WAVE as well as manual checking of central parts.<\/p>\n<p><em>The report was last updated: 2026-01-26<\/em><\/p>","protected":false},"excerpt":{"rendered":"<p>Tillg\u00e4nglighetsredog\u00f6relse f\u00f6r skellefteaairport.se Skellefte\u00e5 Airport st\u00e5r bakom webbplatsen https:\/\/skellefteaairport.se\/ Vi vill att s\u00e5 m\u00e5nga som m\u00f6jligt ska kunna anv\u00e4nda webbplatsen. Den h\u00e4r redog\u00f6relsen beskriver hur webbplatsen uppfyller lagen om tillg\u00e4nglighet till digital offentlig service, k\u00e4nda brister och hur du kan rapportera problem. Hur tillg\u00e4nglig \u00e4r webbplatsen? Webbplatsen \u00e4r delvis f\u00f6renlig med lagen om tillg\u00e4nglighet till [&hellip;]<\/p>\n","protected":false},"author":3,"featured_media":0,"parent":0,"menu_order":10,"comment_status":"closed","ping_status":"closed","template":"","meta":{"_acf_changed":false,"_seopress_robots_primary_cat":"","_seopress_titles_title":"","_seopress_titles_desc":"","_seopress_robots_index":"","footnotes":""},"class_list":["post-10856","page","type-page","status-publish","hentry"],"acf":[],"_links":{"self":[{"href":"https:\/\/skellefteaairport.se\/en\/wp-json\/wp\/v2\/pages\/10856","targetHints":{"allow":["GET"]}}],"collection":[{"href":"https:\/\/skellefteaairport.se\/en\/wp-json\/wp\/v2\/pages"}],"about":[{"href":"https:\/\/skellefteaairport.se\/en\/wp-json\/wp\/v2\/types\/page"}],"author":[{"embeddable":true,"href":"https:\/\/skellefteaairport.se\/en\/wp-json\/wp\/v2\/users\/3"}],"replies":[{"embeddable":true,"href":"https:\/\/skellefteaairport.se\/en\/wp-json\/wp\/v2\/comments?post=10856"}],"version-history":[{"count":31,"href":"https:\/\/skellefteaairport.se\/en\/wp-json\/wp\/v2\/pages\/10856\/revisions"}],"predecessor-version":[{"id":10910,"href":"https:\/\/skellefteaairport.se\/en\/wp-json\/wp\/v2\/pages\/10856\/revisions\/10910"}],"wp:attachment":[{"href":"https:\/\/skellefteaairport.se\/en\/wp-json\/wp\/v2\/media?parent=10856"}],"curies":[{"name":"wp","href":"https:\/\/api.w.org\/{rel}","templated":true}]}}