{"id":12,"date":"2025-02-11T08:55:41","date_gmt":"2025-02-11T08:55:41","guid":{"rendered":"https:\/\/skellefteaairport.se\/?page_id=12"},"modified":"2026-02-18T07:06:15","modified_gmt":"2026-02-18T07:06:15","slug":"skelleftea-airport","status":"publish","type":"page","link":"https:\/\/skellefteaairport.se\/en\/","title":{"rendered":"Skelleftea Airport"},"content":{"rendered":"","protected":false},"excerpt":{"rendered":"","protected":false},"author":3,"featured_media":1450,"parent":0,"menu_order":0,"comment_status":"closed","ping_status":"closed","template":"","meta":{"_acf_changed":false,"_seopress_robots_primary_cat":"","_seopress_titles_title":"","_seopress_titles_desc":"Skellefte\u00e5 Airport satsar p\u00e5 h\u00e5llbar utveckling och \u00e4r en av Sveriges ledande regionala flygplatser inom fossilfri flygdrift.","_seopress_robots_index":"","footnotes":""},"class_list":["post-12","page","type-page","status-publish","has-post-thumbnail","hentry"],"acf":[],"_links":{"self":[{"href":"https:\/\/skellefteaairport.se\/en\/wp-json\/wp\/v2\/pages\/12","targetHints":{"allow":["GET"]}}],"collection":[{"href":"https:\/\/skellefteaairport.se\/en\/wp-json\/wp\/v2\/pages"}],"about":[{"href":"https:\/\/skellefteaairport.se\/en\/wp-json\/wp\/v2\/types\/page"}],"author":[{"embeddable":true,"href":"https:\/\/skellefteaairport.se\/en\/wp-json\/wp\/v2\/users\/3"}],"replies":[{"embeddable":true,"href":"https:\/\/skellefteaairport.se\/en\/wp-json\/wp\/v2\/comments?post=12"}],"version-history":[{"count":5,"href":"https:\/\/skellefteaairport.se\/en\/wp-json\/wp\/v2\/pages\/12\/revisions"}],"predecessor-version":[{"id":11473,"href":"https:\/\/skellefteaairport.se\/en\/wp-json\/wp\/v2\/pages\/12\/revisions\/11473"}],"wp:featuredmedia":[{"embeddable":true,"href":"https:\/\/skellefteaairport.se\/en\/wp-json\/wp\/v2\/media\/1450"}],"wp:attachment":[{"href":"https:\/\/skellefteaairport.se\/en\/wp-json\/wp\/v2\/media?parent=12"}],"curies":[{"name":"wp","href":"https:\/\/api.w.org\/{rel}","templated":true}]}}