{"id":21,"date":"2025-02-11T09:24:37","date_gmt":"2025-02-11T09:24:37","guid":{"rendered":"https:\/\/skellefteaairport.se\/?page_id=21"},"modified":"2025-02-18T00:08:32","modified_gmt":"2025-02-18T00:08:32","slug":"flight-information","status":"publish","type":"page","link":"https:\/\/skellefteaairport.se\/en\/flight-information\/","title":{"rendered":"Flight information"},"content":{"rendered":"","protected":false},"excerpt":{"rendered":"","protected":false},"author":3,"featured_media":0,"parent":0,"menu_order":2,"comment_status":"closed","ping_status":"closed","template":"","meta":{"_acf_changed":false,"_seopress_robots_primary_cat":"","_seopress_titles_title":"","_seopress_titles_desc":"Utforska sp\u00e4nnande destinationer som Karpathos och Rhodos! F\u00e5 uppdaterad flyginformation f\u00f6r dina dr\u00f6mresor fr\u00e5n Skellefte\u00e5 och Stockholm.","_seopress_robots_index":"","footnotes":""},"class_list":["post-21","page","type-page","status-publish","hentry"],"acf":[],"_links":{"self":[{"href":"https:\/\/skellefteaairport.se\/en\/wp-json\/wp\/v2\/pages\/21","targetHints":{"allow":["GET"]}}],"collection":[{"href":"https:\/\/skellefteaairport.se\/en\/wp-json\/wp\/v2\/pages"}],"about":[{"href":"https:\/\/skellefteaairport.se\/en\/wp-json\/wp\/v2\/types\/page"}],"author":[{"embeddable":true,"href":"https:\/\/skellefteaairport.se\/en\/wp-json\/wp\/v2\/users\/3"}],"replies":[{"embeddable":true,"href":"https:\/\/skellefteaairport.se\/en\/wp-json\/wp\/v2\/comments?post=21"}],"version-history":[{"count":0,"href":"https:\/\/skellefteaairport.se\/en\/wp-json\/wp\/v2\/pages\/21\/revisions"}],"wp:attachment":[{"href":"https:\/\/skellefteaairport.se\/en\/wp-json\/wp\/v2\/media?parent=21"}],"curies":[{"name":"wp","href":"https:\/\/api.w.org\/{rel}","templated":true}]}}