{"id":23,"date":"2025-02-11T09:24:47","date_gmt":"2025-02-11T09:24:47","guid":{"rendered":"https:\/\/skellefteaairport.se\/?page_id=23"},"modified":"2026-01-16T09:29:10","modified_gmt":"2026-01-16T09:29:10","slug":"about-the-trip","status":"publish","type":"page","link":"https:\/\/skellefteaairport.se\/en\/about-the-trip\/","title":{"rendered":"Before the trip"},"content":{"rendered":"","protected":false},"excerpt":{"rendered":"","protected":false},"author":3,"featured_media":0,"parent":0,"menu_order":3,"comment_status":"closed","ping_status":"closed","template":"","meta":{"_acf_changed":false,"_seopress_robots_primary_cat":"","_seopress_titles_title":"","_seopress_titles_desc":"Ska du flyga med SAS, Norwegian eller Ryanair? Kolla in v\u00e5ra tips f\u00f6r incheckning och bagage. Gl\u00f6m inte att kontrollera visum och passkrav f\u00f6r destinationen!","_seopress_robots_index":"","footnotes":""},"class_list":["post-23","page","type-page","status-publish","hentry"],"acf":[],"_links":{"self":[{"href":"https:\/\/skellefteaairport.se\/en\/wp-json\/wp\/v2\/pages\/23","targetHints":{"allow":["GET"]}}],"collection":[{"href":"https:\/\/skellefteaairport.se\/en\/wp-json\/wp\/v2\/pages"}],"about":[{"href":"https:\/\/skellefteaairport.se\/en\/wp-json\/wp\/v2\/types\/page"}],"author":[{"embeddable":true,"href":"https:\/\/skellefteaairport.se\/en\/wp-json\/wp\/v2\/users\/3"}],"replies":[{"embeddable":true,"href":"https:\/\/skellefteaairport.se\/en\/wp-json\/wp\/v2\/comments?post=23"}],"version-history":[{"count":5,"href":"https:\/\/skellefteaairport.se\/en\/wp-json\/wp\/v2\/pages\/23\/revisions"}],"predecessor-version":[{"id":10695,"href":"https:\/\/skellefteaairport.se\/en\/wp-json\/wp\/v2\/pages\/23\/revisions\/10695"}],"wp:attachment":[{"href":"https:\/\/skellefteaairport.se\/en\/wp-json\/wp\/v2\/media?parent=23"}],"curies":[{"name":"wp","href":"https:\/\/api.w.org\/{rel}","templated":true}]}}