{"id":25,"date":"2025-02-11T09:25:00","date_gmt":"2025-02-11T09:25:00","guid":{"rendered":"https:\/\/skellefteaairport.se\/?page_id=25"},"modified":"2025-10-21T08:58:41","modified_gmt":"2025-10-21T08:58:41","slug":"shopping-food-service","status":"publish","type":"page","link":"https:\/\/skellefteaairport.se\/en\/shopping-food-service\/","title":{"rendered":"Shopping, food &amp; service"},"content":{"rendered":"","protected":false},"excerpt":{"rendered":"","protected":false},"author":3,"featured_media":0,"parent":0,"menu_order":4,"comment_status":"closed","ping_status":"closed","template":"","meta":{"_acf_changed":false,"_seopress_robots_primary_cat":"","_seopress_titles_title":"","_seopress_titles_desc":"Fixar resevaluta, njut av mat, eller upplev en vigsel i stil. F\u00f6rfr\u00e5gan och info: 0910-576 00. Vi erbjuder gratis Wi-Fi f\u00f6r alla bes\u00f6kare!","_seopress_robots_index":"","footnotes":""},"class_list":["post-25","page","type-page","status-publish","hentry"],"acf":[],"_links":{"self":[{"href":"https:\/\/skellefteaairport.se\/en\/wp-json\/wp\/v2\/pages\/25","targetHints":{"allow":["GET"]}}],"collection":[{"href":"https:\/\/skellefteaairport.se\/en\/wp-json\/wp\/v2\/pages"}],"about":[{"href":"https:\/\/skellefteaairport.se\/en\/wp-json\/wp\/v2\/types\/page"}],"author":[{"embeddable":true,"href":"https:\/\/skellefteaairport.se\/en\/wp-json\/wp\/v2\/users\/3"}],"replies":[{"embeddable":true,"href":"https:\/\/skellefteaairport.se\/en\/wp-json\/wp\/v2\/comments?post=25"}],"version-history":[{"count":2,"href":"https:\/\/skellefteaairport.se\/en\/wp-json\/wp\/v2\/pages\/25\/revisions"}],"predecessor-version":[{"id":8085,"href":"https:\/\/skellefteaairport.se\/en\/wp-json\/wp\/v2\/pages\/25\/revisions\/8085"}],"wp:attachment":[{"href":"https:\/\/skellefteaairport.se\/en\/wp-json\/wp\/v2\/media?parent=25"}],"curies":[{"name":"wp","href":"https:\/\/api.w.org\/{rel}","templated":true}]}}