{"id":27,"date":"2025-02-11T09:25:10","date_gmt":"2025-02-11T09:25:10","guid":{"rendered":"https:\/\/skellefteaairport.se\/?page_id=27"},"modified":"2026-01-12T15:15:03","modified_gmt":"2026-01-12T15:15:03","slug":"parking-transportation","status":"publish","type":"page","link":"https:\/\/skellefteaairport.se\/en\/parking-transportation\/","title":{"rendered":"Parking &amp; communications"},"content":{"rendered":"","protected":false},"excerpt":{"rendered":"","protected":false},"author":3,"featured_media":0,"parent":0,"menu_order":5,"comment_status":"closed","ping_status":"closed","template":"","meta":{"_acf_changed":false,"_seopress_robots_primary_cat":"","_seopress_titles_title":"","_seopress_titles_desc":"Res milj\u00f6v\u00e4nligt med flygbussar anslutna till SAS, Norwegians & Ryanair. Uppt\u00e4ck gratis parkering eller betala enkelt online f\u00f6r l\u00e5ngtids- & korttidsparkering.","_seopress_robots_index":"","footnotes":""},"class_list":["post-27","page","type-page","status-publish","hentry"],"acf":[],"_links":{"self":[{"href":"https:\/\/skellefteaairport.se\/en\/wp-json\/wp\/v2\/pages\/27","targetHints":{"allow":["GET"]}}],"collection":[{"href":"https:\/\/skellefteaairport.se\/en\/wp-json\/wp\/v2\/pages"}],"about":[{"href":"https:\/\/skellefteaairport.se\/en\/wp-json\/wp\/v2\/types\/page"}],"author":[{"embeddable":true,"href":"https:\/\/skellefteaairport.se\/en\/wp-json\/wp\/v2\/users\/3"}],"replies":[{"embeddable":true,"href":"https:\/\/skellefteaairport.se\/en\/wp-json\/wp\/v2\/comments?post=27"}],"version-history":[{"count":5,"href":"https:\/\/skellefteaairport.se\/en\/wp-json\/wp\/v2\/pages\/27\/revisions"}],"predecessor-version":[{"id":10632,"href":"https:\/\/skellefteaairport.se\/en\/wp-json\/wp\/v2\/pages\/27\/revisions\/10632"}],"wp:attachment":[{"href":"https:\/\/skellefteaairport.se\/en\/wp-json\/wp\/v2\/media?parent=27"}],"curies":[{"name":"wp","href":"https:\/\/api.w.org\/{rel}","templated":true}]}}