{"id":29,"date":"2025-02-11T09:25:24","date_gmt":"2025-02-11T09:25:24","guid":{"rendered":"https:\/\/skellefteaairport.se\/?page_id=29"},"modified":"2026-03-31T08:54:02","modified_gmt":"2026-03-31T08:54:02","slug":"about-the-airport","status":"publish","type":"page","link":"https:\/\/skellefteaairport.se\/en\/about-the-airport\/","title":{"rendered":"About the airport"},"content":{"rendered":"","protected":false},"excerpt":{"rendered":"","protected":false},"author":3,"featured_media":0,"parent":0,"menu_order":6,"comment_status":"closed","ping_status":"closed","template":"","meta":{"_acf_changed":false,"_seopress_robots_primary_cat":"","_seopress_titles_title":"","_seopress_titles_desc":"Skellefte\u00e5 Airport, V\u00e4sterbottens n\u00e4st st\u00f6rsta flygplats, erbjuder flygresor till Arlanda och Gdansk samt charter till popul\u00e4ra resm\u00e5l.","_seopress_robots_index":"","footnotes":""},"class_list":["post-29","page","type-page","status-publish","hentry"],"acf":[],"_links":{"self":[{"href":"https:\/\/skellefteaairport.se\/en\/wp-json\/wp\/v2\/pages\/29","targetHints":{"allow":["GET"]}}],"collection":[{"href":"https:\/\/skellefteaairport.se\/en\/wp-json\/wp\/v2\/pages"}],"about":[{"href":"https:\/\/skellefteaairport.se\/en\/wp-json\/wp\/v2\/types\/page"}],"author":[{"embeddable":true,"href":"https:\/\/skellefteaairport.se\/en\/wp-json\/wp\/v2\/users\/3"}],"replies":[{"embeddable":true,"href":"https:\/\/skellefteaairport.se\/en\/wp-json\/wp\/v2\/comments?post=29"}],"version-history":[{"count":5,"href":"https:\/\/skellefteaairport.se\/en\/wp-json\/wp\/v2\/pages\/29\/revisions"}],"predecessor-version":[{"id":12158,"href":"https:\/\/skellefteaairport.se\/en\/wp-json\/wp\/v2\/pages\/29\/revisions\/12158"}],"wp:attachment":[{"href":"https:\/\/skellefteaairport.se\/en\/wp-json\/wp\/v2\/media?parent=29"}],"curies":[{"name":"wp","href":"https:\/\/api.w.org\/{rel}","templated":true}]}}